{"id":97,"date":"2020-05-31T14:44:04","date_gmt":"2020-05-31T14:44:04","guid":{"rendered":"http:\/\/testacpd.acpd.org.al\/?page_id=97"},"modified":"2022-03-10T14:59:48","modified_gmt":"2022-03-10T13:59:48","slug":"publikime","status":"publish","type":"page","link":"https:\/\/acpd.org.al\/","title":{"rendered":"Publikime"},"content":{"rendered":"\n<div class=\"wp-container-2 wp-block-columns\">\n<div class=\"wp-container-1 wp-block-column\" style=\"flex-basis:100%\"><\/div>\n<\/div>\n\n\n<ul class=\"wp-block-latest-posts__list is-grid columns-2 aligncenter wp-block-latest-posts\"><li><a class=\"wp-block-latest-posts__post-title\" href=\"https:\/\/acpd.org.al\/?p=3292\">ARRITJET E PROJEKTIT<\/a><div class=\"wp-block-latest-posts__post-excerpt\"><\/div><\/li>\n<li><a class=\"wp-block-latest-posts__post-title\" href=\"https:\/\/acpd.org.al\/?p=3286\">Trajnime me grat\u00eb n\u00eb Bashkin\u00eb Shkod\u00ebr p\u00ebr buxhetimin e p\u00ebrgjigjsh\u00ebm gjinor<\/a><div class=\"wp-block-latest-posts__post-excerpt\">N\u00eb kuad\u00ebr t\u00eb projektit \u201cMonitorimi i Buxhetimit t\u00eb Ndjesh\u00ebm Gjinor dhe Financimit t\u00eb Ndryshimeve Klimatike n\u00eb Bashkin\u00eb Shkod\u00ebr\u201d, Qendra Shqiptare p\u00ebr Popullsin\u00eb dhe Zhvillimin (ACPD) zhvilloi gjat\u00eb periudh\u00ebs tetor \u2013 dhjetor 2025 nj\u00eb seri sesionesh trajnuese me grat\u00eb n\u00eb Bashkin\u00eb<\/div><\/li>\n<li><a class=\"wp-block-latest-posts__post-title\" href=\"https:\/\/acpd.org.al\/?p=3265\">ACPD, n\u00eb bashk\u00ebpunim me SAAF @safe_abortion, organizoi nj\u00eb trajnim me mjek\u00eb obstet\u00ebr\u2013gjinekolog\u00eb.<\/a><div class=\"wp-block-latest-posts__post-excerpt\">ACPD, n\u00eb bashk\u00ebpunim me SAAF @safe_abortion, organizoi nj\u00eb trajnim me mjek\u00eb obstet\u00ebr\u2013gjinekolog\u00eb, i drejtuar nga Dr. Enkeleda Prifti, Shefe e Sh\u00ebrbimit t\u00eb Maternitetit \u201cKo\u00e7o Gliozheni\u201d, me fokus sh\u00ebndetin riprodhues dhe teknikat e nd\u00ebrprerjes s\u00eb shtatz\u00ebnis\u00eb s\u00eb pad\u00ebshiruar.&nbsp; Takimi u hap<\/div><\/li>\n<li><a class=\"wp-block-latest-posts__post-title\" href=\"https:\/\/acpd.org.al\/?p=3277\">Qendra Shqiptare p\u00ebr Popullsis\u00eb dhe Zhvillimin (ACPD), me mb\u00ebshtetjen e SAAF organizoi nj\u00eb takim me gazetar\u00eb t\u00eb mediave komb\u00ebtare.<\/a><div class=\"wp-block-latest-posts__post-excerpt\">Qendra Shqiptare p\u00ebr Popullsis\u00eb dhe Zhvillimin (ACPD), me mb\u00ebshtetjen e SAAF organizoi nj\u00eb takim me gazetar\u00eb t\u00eb mediave komb\u00ebtare, ku u zhvillua nj\u00eb diskutim i hapur mbi rolin e medias n\u00eb ofrimin e informacionit korrekt dhe t\u00eb paansh\u00ebm p\u00ebr \u00e7\u00ebshtjet<\/div><\/li>\n<li><a class=\"wp-block-latest-posts__post-title\" href=\"https:\/\/acpd.org.al\/?p=3226\">THIRRJE P\u00cbR OFERTA TRANSPORTI<\/a><div class=\"wp-block-latest-posts__post-excerpt\">Qendra&nbsp;Shqiptare&nbsp;p\u00ebr&nbsp;Popullsin\u00eb&nbsp;dhe Zhvillimin (ACPD)&nbsp;shpallthirrjen&nbsp;p\u00ebr&nbsp;oferta&nbsp;transporti&nbsp;n\u00eb&nbsp;kuad\u00ebr&nbsp;t\u00eb&nbsp;projektit:\u201cNga&nbsp;Vizioni&nbsp;n\u00eb&nbsp;Veprim \u2013&nbsp;P\u00ebrmir\u00ebsimi&nbsp;i Sh\u00ebrbimeve&nbsp;p\u00ebrF\u00ebmij\u00eb dhe&nbsp;Familje&nbsp;n\u00eb&nbsp;Bashkit\u00eb&nbsp;Durr\u00ebs&nbsp;dhe&nbsp;Pustec\u201d, i&nbsp;cili&nbsp;po&nbsp;zbatohet&nbsp;n\u00eb&nbsp;bashk\u00ebpunim&nbsp;me&nbsp;Ambasad\u00ebn&nbsp;Bullgare&nbsp;n\u00ebShqip\u00ebri. Detajet&nbsp;e&nbsp;udh\u00ebtimit: \u2022&nbsp;Numri&nbsp;i&nbsp;udh\u00ebtar\u00ebve:&nbsp;8&nbsp;persona \u2022&nbsp;Destinacioni:&nbsp;Tiran\u00eb \u2013 Sofie \u2013 Tiran\u00eb \u2022&nbsp;Data e&nbsp;nisjes:&nbsp;15&nbsp;tetor&nbsp;2025 (Tiran\u00eb \u2013 Sofie) \u2022&nbsp;Data e&nbsp;kthimit:&nbsp;17&nbsp;tetor&nbsp;2025 (Sofie \u2013 Tiran\u00eb) Shoferi&nbsp;duhet&nbsp;t\u00eb&nbsp;q\u00ebndroj\u00eb&nbsp;n\u00eb&nbsp;Sofie&nbsp;gjat\u00eb&nbsp;gjith\u00eb&nbsp;dit\u00ebve&nbsp;t\u00ebq\u00ebndrimit,&nbsp;p\u00ebr&nbsp;t\u00eb&nbsp;realizuar&nbsp;transfertat&nbsp;e&nbsp;brendshme&nbsp;n\u00eb&nbsp;qytet,&nbsp;sidhe&nbsp;transfert\u00ebn&nbsp;Sofie \u2013 Pernik \u2013 Sofie. T\u00eb&nbsp;interesuarit&nbsp;ftohen&nbsp;t\u00eb&nbsp;d\u00ebrgojn\u00eb&nbsp;ofertat&nbsp;e&nbsp;tyre&nbsp;ekonomike&nbsp;derim\u00eb&nbsp;12&nbsp;tetor 2025,&nbsp;ora&nbsp;17:00,&nbsp;n\u00eb&nbsp;adres\u00ebn&nbsp;e&nbsp;emailit:\ud83d\udce7&nbsp;info@acpd.org.alose&nbsp;pran\u00eb&nbsp;zyrave&nbsp;t\u00eb&nbsp;ACPD:&nbsp;Ish-Ekspozita&nbsp;&#8220;Shqip\u00ebria&nbsp;Sot,&nbsp;Bulevardi&nbsp;Gjergj Fishta Nd.26, H.6, Ap.5, Tiran\u00eb 1001.<\/div><\/li>\n<li><a class=\"wp-block-latest-posts__post-title\" href=\"https:\/\/acpd.org.al\/?p=3224\">Konsultimin Virtual p\u00ebr Kontracepsion<\/a><div class=\"wp-block-latest-posts__post-excerpt\">Zbuloni ViK \u2013 Konsultimin Virtual p\u00ebr Kontracepsion, nj\u00eb platform\u00eb bashk\u00ebkohore m\u00ebsimi online q\u00eb fuqizon profesionist\u00ebt e sh\u00ebndet\u00ebsis\u00eb me njohuri t\u00eb thelluara dhe t\u00eb bazuara n\u00eb evidenca p\u00ebr planifikimin familjar. Kjo nism\u00eb synon t\u00eb mb\u00ebshtes\u00eb ofruesit e kujdesit sh\u00ebndet\u00ebsor n\u00eb p\u00ebrdit\u00ebsimin<\/div><\/li>\n<li><div class=\"wp-block-latest-posts__featured-image alignleft\"><img width=\"150\" height=\"150\" src=\"https:\/\/acpd.org.al\/wp-content\/uploads\/WhatsApp-Image-2025-10-19-at-20.55.27_78bea29f-150x150.jpg\" class=\"attachment-thumbnail size-thumbnail wp-post-image\" alt=\"\" loading=\"lazy\" style=\"\" srcset=\"https:\/\/acpd.org.al\/wp-content\/uploads\/WhatsApp-Image-2025-10-19-at-20.55.27_78bea29f-150x150.jpg 150w, https:\/\/acpd.org.al\/wp-content\/uploads\/WhatsApp-Image-2025-10-19-at-20.55.27_78bea29f-300x300.jpg 300w, https:\/\/acpd.org.al\/wp-content\/uploads\/WhatsApp-Image-2025-10-19-at-20.55.27_78bea29f-400x400.jpg 400w, https:\/\/acpd.org.al\/wp-content\/uploads\/WhatsApp-Image-2025-10-19-at-20.55.27_78bea29f-360x360.jpg 360w\" sizes=\"(max-width: 150px) 100vw, 150px\" \/><\/div><a class=\"wp-block-latest-posts__post-title\" href=\"https:\/\/acpd.org.al\/?p=3219\">Takimi i mekanizmave te referimit, Vlore 25.07.2025<\/a><div class=\"wp-block-latest-posts__post-excerpt\">Takimi i Mekanizmit t\u00eb Koordinuar t\u00eb Referimit \ud83d\udccdVlor\u00eb (MKR) beri bashk\u00eb aktor\u00ebt lokale si koordinatori vendor i dhun\u00ebs n\u00eb familje, p\u00ebrfaq\u00ebsues t\u00eb bashkis\u00eb, policis\u00eb, arsimit, sh\u00ebndet\u00ebsis\u00eb, komunitetit fetar dhe UNFPA. Diskutimet u p\u00ebrqendruan tek sfidat dhe mund\u00ebsit\u00eb p\u00ebr p\u00ebrmir\u00ebsimin e<\/div><\/li>\n<li><a class=\"wp-block-latest-posts__post-title\" href=\"https:\/\/acpd.org.al\/?p=3228\">REQUEST FOR OFFER (TENDER)<\/a><div class=\"wp-block-latest-posts__post-excerpt\">Information on submission of the Offers (Tenders) 1.&nbsp;&nbsp; Procurement ref. code: Proc.no. 06\/2025 2.&nbsp;&nbsp; Project: &#8220;Uncovering HERstory: Empowering Youth and Preserving Feminist Heritage&#8221; 3.&nbsp;&nbsp; Subject of the contract: Provision of transportation services 4.&nbsp;&nbsp; Contracting Authority: Albanian Center for Population and<\/div><\/li>\n<li><a class=\"wp-block-latest-posts__post-title\" href=\"https:\/\/acpd.org.al\/?p=3177\">Shprehje interesi p\u00ebr ekspert\u00eb\/e n\u00eb kuad\u00ebr t\u00eb projektit \u201cMonitorimi i Buxhetimit Gjinor dhe Financimit t\u00eb Ndryshimeve Klimatike n\u00eb Bashkin\u00eb\u00a0Shkod\u00ebr.\u201d<\/a><div class=\"wp-block-latest-posts__post-excerpt\">Terma reference Njoftim p\u00ebr Konsulenc\u00eb Pozicioni Ekspert p\u00ebr monitorimin e Buxhetimit Gjinor dhe Financimit t\u00eb Ndryshimeve Klimatike n\u00eb Bashkin\u00eb Shkod\u00ebr. Projekti \u201cMonitorimi i Buxhetimit Gjinor dhe Financimit t\u00eb Ndryshimeve Klimatike n\u00eb Bashkin\u00eb Shkod\u00ebr.\u201d Zonat e projektit&nbsp;&nbsp;&nbsp;&nbsp;&nbsp;&nbsp;&nbsp;&nbsp;&nbsp;&nbsp;&nbsp;&nbsp;&nbsp; Bashkia Shkod\u00ebr Koh\u00ebzgjatja e<\/div><\/li>\n<li><a class=\"wp-block-latest-posts__post-title\" href=\"https:\/\/acpd.org.al\/?p=3168\">Nojftim per punesim \u2013 Menaxher\/e finance<\/a><div class=\"wp-block-latest-posts__post-excerpt\">POZICIONI I PUN\u00cbS: Menaxher\/e finance LLOJI I PUN\u00cbS: ME KOH\u00cb T\u00cb PLOT\u00cb VENDODHJA: TIRAN\u00cb ORGANIZATA Qendra Shqiptare p\u00ebr Popullsin\u00eb dhe Zhvillimin (QSHPZH) \u00ebsht\u00eb nj\u00eb organizat\u00eb jofitimprur\u00ebse, e themeluar n\u00eb janar t\u00eb vitit 1993, e cila punon p\u00ebr p\u00ebrmir\u00ebsimin e politikave,<\/div><\/li>\n<\/ul>","protected":false},"excerpt":{"rendered":"<a class=\"btn_a\" href=\"https:\/\/acpd.org.al\/\"><span><i class=\"in_left fa fa-angle-right\"><\/i><span>Details<\/span><i class=\"in_right fa fa-angle-right\"><\/i><\/span><\/a>","protected":false},"author":2,"featured_media":0,"parent":0,"menu_order":0,"comment_status":"closed","ping_status":"closed","template":"","meta":[],"_links":{"self":[{"href":"https:\/\/acpd.org.al\/index.php?rest_route=\/wp\/v2\/pages\/97"}],"collection":[{"href":"https:\/\/acpd.org.al\/index.php?rest_route=\/wp\/v2\/pages"}],"about":[{"href":"https:\/\/acpd.org.al\/index.php?rest_route=\/wp\/v2\/types\/page"}],"author":[{"embeddable":true,"href":"https:\/\/acpd.org.al\/index.php?rest_route=\/wp\/v2\/users\/2"}],"replies":[{"embeddable":true,"href":"https:\/\/acpd.org.al\/index.php?rest_route=%2Fwp%2Fv2%2Fcomments&post=97"}],"version-history":[{"count":5,"href":"https:\/\/acpd.org.al\/index.php?rest_route=\/wp\/v2\/pages\/97\/revisions"}],"predecessor-version":[{"id":1400,"href":"https:\/\/acpd.org.al\/index.php?rest_route=\/wp\/v2\/pages\/97\/revisions\/1400"}],"wp:attachment":[{"href":"https:\/\/acpd.org.al\/index.php?rest_route=%2Fwp%2Fv2%2Fmedia&parent=97"}],"curies":[{"name":"wp","href":"https:\/\/api.w.org\/{rel}","templated":true}]}}