{"id":3246,"date":"2026-02-11T21:00:04","date_gmt":"2026-02-11T20:00:04","guid":{"rendered":"https:\/\/acpd.org.al\/?page_id=3246"},"modified":"2026-02-11T21:00:07","modified_gmt":"2026-02-11T20:00:07","slug":"aneks-iii-politika-e-privatesise","status":"publish","type":"page","link":"https:\/\/acpd.org.al\/?page_id=3246","title":{"rendered":"ANEKS III \u2013 POLITIKA E PRIVAT\u00cbSIS\u00cb"},"content":{"rendered":"\n<h1>ANEKS III \u2013 POLITIKA E PRIVAT\u00cbSIS\u00cb<\/h1>\n\n\n\n<p><em>(Dokument p\u00ebr publikim n\u00eb faqen zyrtare t\u00eb internetit)<\/em><\/p>\n\n\n\n<p><strong>I. Q\u00cbLLIMI DHE FUSHA E VEPRIMIT<\/strong><\/p>\n\n\n\n<p>Kjo Politik\u00eb Privat\u00ebsie p\u00ebrcakton parimet dhe rregullat mbi t\u00eb cilat Qendra Shqiptare p\u00ebr P\u00ebrfshirje dhe Zhvillim (k\u00ebtej e tutje &#8220;QShPZh&#8221;) p\u00ebrpunon t\u00eb dh\u00ebnat personale t\u00eb stafit, bashk\u00ebpun\u00ebtor\u00ebve, p\u00ebrfituesve t\u00eb projekteve dhe p\u00ebrdoruesve t\u00eb faqes zyrtare. Q\u00ebllimi \u00ebsht\u00eb garantimi i nivelit m\u00eb t\u00eb lart\u00eb t\u00eb siguris\u00eb dhe konfidencialitetit, duke u mb\u00ebshtetur n\u00eb <strong>Ligjin nr. 9887\/2008<\/strong> dhe aktet n\u00ebnligjore t\u00eb nxjerra nga Komisioneri p\u00ebr t\u00eb Drejt\u00ebn e Informimit dhe Mbrojtjen e t\u00eb Dh\u00ebnave Personale.<\/p>\n\n\n\n<p><strong>II. PARIMET KRYESORE T\u00cb P\u00cbRPUNIMIT<\/strong><\/p>\n\n\n\n<p>QShPZh udh\u00ebhiqet nga parimet e m\u00ebposhtme gjat\u00eb administrimit t\u00eb informacionit:<\/p>\n\n\n\n<ul><li>T\u00eb dh\u00ebnat p\u00ebrpunohen vet\u00ebm n\u00ebse ekziston nj\u00eb baz\u00eb ligjore ose p\u00eblqim i qart\u00eb.<\/li><li>Ne mbledhim vet\u00ebm aq informacion sa \u00ebsht\u00eb rrept\u00ebsisht i nevojsh\u00ebm p\u00ebr t\u00eb arritur q\u00ebllimin e synuar.<\/li><li>\u00c7do e dh\u00ebn\u00eb p\u00ebrdit\u00ebsohet rregullisht p\u00ebr t\u00eb shmangur gabimet q\u00eb mund t\u00eb d\u00ebmtojn\u00eb subjektin.<\/li><li>T\u00eb dh\u00ebnat nuk mbahen n\u00eb arkiv\u00eb m\u00eb shum\u00eb se sa parashikojn\u00eb afatet ligjore ose koh\u00ebzgjatja e projekteve.<\/li><\/ul>\n\n\n\n<p><strong>III. KATEGORIT\u00cb E DETAJUARA T\u00cb T\u00cb DH\u00cbNAVE<\/strong><\/p>\n\n\n\n<p>P\u00ebrpunimi i t\u00eb dh\u00ebnave ndahet n\u00eb disa nivele sipas marr\u00ebdh\u00ebnies me subjektin:<\/p>\n\n\n\n<ol type=\"1\"><li><strong>T\u00eb dh\u00ebna t\u00eb P\u00ebrgjithshme:<\/strong> Em\u00ebr, mbiem\u00ebr, gjini, vendlindje, dhe t\u00eb dh\u00ebna t\u00eb tjera q\u00eb v\u00ebrtetojn\u00eb identitetin.<\/li><li><strong>T\u00eb dh\u00ebna Kontakti:<\/strong> Adres\u00eb fizike, num\u00ebr celulari, adres\u00eb elektronike (e-mail), profile n\u00eb rrjete sociale (n\u00ebse k\u00ebrkohen p\u00ebr komunikim zyrtar).<\/li><li><strong>T\u00eb dh\u00ebna Profesionale dhe Arsimore:<\/strong> Historiku i pun\u00ebsimit, diplomat, kualifikimet, trajnimet dhe vler\u00ebsimet e performanc\u00ebs.<\/li><li><strong>T\u00eb dh\u00ebna Financiare:<\/strong> Num\u00ebr llogarie bankare, num\u00ebr sigurimesh shoq\u00ebrore (p\u00ebr efekt pagesash dhe deklarimesh tatimore).<\/li><li><strong>T\u00eb dh\u00ebna Sensitive:<\/strong> N\u00eb raste specifike t\u00eb projekteve sociale, mund t\u00eb mblidhen t\u00eb dh\u00ebna mbi gjendjen sh\u00ebndet\u00ebsore, p\u00ebrkat\u00ebsin\u00eb etnike ose statusin ekonomik, por vet\u00ebm me n\u00ebnshkrimin e nj\u00eb deklarate p\u00eblqimi t\u00eb posa\u00e7me.<\/li><\/ol>\n\n\n\n<p><strong>IV. PROCEDURAT E P\u00cbRPUNIMIT DHE SIGURIS\u00cb<\/strong><\/p>\n\n\n\n<p>QShPZh ka instaluar mekanizma mbrojt\u00ebs p\u00ebr t\u00eb parandaluar \u00e7do thyerje t\u00eb siguris\u00eb:<\/p>\n\n\n\n<ul><li><strong>Aksesi i Kufizuar:<\/strong> Vet\u00ebm personeli i autorizuar ka qasje n\u00eb dosjet fizike dhe bazat e t\u00eb dh\u00ebnave digjitale.<\/li><li><strong>Siguria Digjitale:<\/strong> P\u00ebrdorimi i fjal\u00ebkalimeve t\u00eb forta, enkriptimi i dokumenteve konfidenciale dhe mbrojtja e rrjetit me sisteme antivirus t\u00eb p\u00ebrdit\u00ebsuara.<\/li><li><strong>Trajnimi i Stafit:<\/strong> \u00c7do punonj\u00ebs i QShPZh-s\u00eb n\u00ebnshkruan nj\u00eb deklarat\u00eb konfidencialiteti dhe trajnohet periodikisht mbi r\u00ebnd\u00ebsin\u00eb e privat\u00ebsis\u00eb.<\/li><\/ul>\n\n\n\n<p><strong>V. TRANSFERIMI I T\u00cb DH\u00cbNAVE TE T\u00cb TRET\u00cbT<\/strong><\/p>\n\n\n\n<p>T\u00eb dh\u00ebnat tuaja nuk u shiten ose u jepen pal\u00ebve t\u00eb treta p\u00ebr q\u00ebllime marketingu. Ato mund t\u00eb ndahen vet\u00ebm me:<\/p>\n\n\n\n<ul><li>Institucionet shtet\u00ebrore (Tatimet, Sigurimet) kur e k\u00ebrkon ligji.<\/li><li>Donator\u00ebt e projekteve (vet\u00ebm p\u00ebr q\u00ebllime raportimi dhe auditimi, shpesh n\u00eb form\u00eb t\u00eb anonimuar).<\/li><li>Bankat, p\u00ebr procesimin e pagesave.<\/li><\/ul>\n\n\n\n<p><strong>VI. T\u00cb DREJTAT E INDIVIDIT (SUBJEKTIT T\u00cb T\u00cb DH\u00cbNAVE)<\/strong><\/p>\n\n\n\n<p>N\u00eb p\u00ebrputhje me Kreun III t\u00eb Ligjit 9887\/2008, ju keni t\u00eb drejt\u00eb t\u00eb:<\/p>\n\n\n\n<ol type=\"1\"><li>K\u00ebrkoni konfirmim n\u00ebse t\u00eb dh\u00ebnat tuaja po p\u00ebrpunohen dhe t\u00eb merrni nj\u00eb kopje t\u00eb tyre brenda 30 dit\u00ebve.<\/li><li>K\u00ebrkoni bllokimin ose fshirjen e t\u00eb dh\u00ebnave n\u00ebse ato jan\u00eb p\u00ebrpunuar n\u00eb kund\u00ebrshtim me ligjin.<\/li><li>Kund\u00ebrshtoni p\u00ebrpunimin p\u00ebr q\u00ebllime t\u00eb marketingut direkt apo k\u00ebrkimeve shkencore.<\/li><li>T\u00ebrhiqni p\u00eblqimin e dh\u00ebn\u00eb n\u00eb \u00e7do koh\u00eb, pa cenuar ligjshm\u00ebrin\u00eb e p\u00ebrpunimit p\u00ebrpara t\u00ebrheqjes.<\/li><\/ol>\n\n\n\n<p><strong>VII. NDRYSHIMET N\u00cb POLITIK\u00cbN E PRIVAT\u00cbSIS\u00cb<\/strong><\/p>\n\n\n\n<p>QShPZh rezervon t\u00eb drejt\u00ebn t\u00eb rishikoj\u00eb k\u00ebt\u00eb Politik\u00eb n\u00eb var\u00ebsi t\u00eb ndryshimeve legjislative ose zhvillimeve teknologjike. Versioni i fundit do t\u00eb jet\u00eb gjithmon\u00eb i publikuar n\u00eb faqen ton\u00eb t\u00eb internetit me dat\u00ebn p\u00ebrkat\u00ebse t\u00eb p\u00ebrdit\u00ebsimit.<\/p>\n\n\n\n<p><strong>VIII. KONTAKTI ZYRTAR<\/strong><\/p>\n\n\n\n<p>P\u00ebr \u00e7do k\u00ebrkes\u00eb lidhur me t\u00eb drejtat tuaja, mund t&#8217;i drejtoheni Koordinatorit p\u00ebr Mbrojtjen e t\u00eb Dh\u00ebnave:<\/p>\n\n\n\n<ul><li><strong>Email:<\/strong> <a href=\"mailto:info@acpd.org.al\">info@acpd.org.al<\/a><\/li><li><strong>Telefon:<\/strong> +355 68 37 25 722<\/li><li><strong>Adresa:<\/strong> BLV. \u201cGJERGJ FISHTA\u201d, ND. 26, H.6, AP.5, 1001, Tirane, Shqiperi<\/li><\/ul>\n\n\n\n<p><em>Kjo Politik\u00eb \u00ebsht\u00eb miratuar nga Bordi Drejtues i QShPZh-s\u00eb dhe hyn n\u00eb fuqi menj\u00ebher\u00eb pas publikimit.<\/em><\/p>\n\n\n\n<p><strong><em>Sh\u00ebnim:<\/em><\/strong><em> Kjo Politik\u00eb Privat\u00ebsie \u00ebsht\u00eb e aksesueshme n\u00eb \u00e7do koh\u00eb n\u00eb faqen ton\u00eb zyrtare.<\/em><\/p>\n","protected":false},"excerpt":{"rendered":"<p>ANEKS III \u2013 POLITIKA E PRIVAT\u00cbSIS\u00cb (Dokument p\u00ebr publikim n\u00eb faqen zyrtare t\u00eb internetit) I. Q\u00cbLLIMI DHE FUSHA E VEPRIMIT Kjo Politik\u00eb Privat\u00ebsie p\u00ebrcakton parimet dhe rregullat mbi t\u00eb cilat Qendra Shqiptare p\u00ebr P\u00ebrfshirje dhe Zhvillim (k\u00ebtej e tutje &#8220;QShPZh&#8221;) p\u00ebrpunon t\u00eb dh\u00ebnat personale t\u00eb stafit, bashk\u00ebpun\u00ebtor\u00ebve, p\u00ebrfituesve t\u00eb projekteve dhe p\u00ebrdoruesve t\u00eb faqes zyrtare.<\/p>\n<a class=\"btn_a\" href=\"https:\/\/acpd.org.al\/?page_id=3246\"><span><i class=\"in_left fa fa-angle-right\"><\/i><span>Details<\/span><i class=\"in_right fa fa-angle-right\"><\/i><\/span><\/a>","protected":false},"author":1,"featured_media":0,"parent":0,"menu_order":0,"comment_status":"closed","ping_status":"closed","template":"","meta":[],"_links":{"self":[{"href":"https:\/\/acpd.org.al\/index.php?rest_route=\/wp\/v2\/pages\/3246"}],"collection":[{"href":"https:\/\/acpd.org.al\/index.php?rest_route=\/wp\/v2\/pages"}],"about":[{"href":"https:\/\/acpd.org.al\/index.php?rest_route=\/wp\/v2\/types\/page"}],"author":[{"embeddable":true,"href":"https:\/\/acpd.org.al\/index.php?rest_route=\/wp\/v2\/users\/1"}],"replies":[{"embeddable":true,"href":"https:\/\/acpd.org.al\/index.php?rest_route=%2Fwp%2Fv2%2Fcomments&post=3246"}],"version-history":[{"count":2,"href":"https:\/\/acpd.org.al\/index.php?rest_route=\/wp\/v2\/pages\/3246\/revisions"}],"predecessor-version":[{"id":3248,"href":"https:\/\/acpd.org.al\/index.php?rest_route=\/wp\/v2\/pages\/3246\/revisions\/3248"}],"wp:attachment":[{"href":"https:\/\/acpd.org.al\/index.php?rest_route=%2Fwp%2Fv2%2Fmedia&parent=3246"}],"curies":[{"name":"wp","href":"https:\/\/api.w.org\/{rel}","templated":true}]}}